{"id":31,"date":"2011-11-08T20:07:05","date_gmt":"2011-11-08T19:07:05","guid":{"rendered":"http:\/\/www.kellersworld.michaelgunz.at\/?page_id=31"},"modified":"2021-11-10T10:05:21","modified_gmt":"2021-11-10T09:05:21","slug":"herzlich-willkommen-2","status":"publish","type":"page","link":"https:\/\/www.kellersworld.de\/","title":{"rendered":"Herzlich Willkommen in der Ferien- und Monteurwohnung &#8222;kellersworld&#8220; in Deggenhausertal"},"content":{"rendered":"<p><strong><span style=\"color: #008000;\">frei ab:\u00a0 bitte anfragen!<\/span><\/strong><\/p>\n<p><strong><span style=\"color: #008000;\">Ich freue mich \u00fcber Ihre Anfrage und mache Ihnen gerne ein individuelles Angebot.<\/span><\/strong><\/p>\n<p><strong>Meine<\/strong>\u00a0<strong>sehr sch\u00f6ne und ansprechende gro\u00dfe 4-Zimmer-Nichtraucher-Ferienwohnung \u201eKellersworld\u201c, \u00a0im Dachgescho\u00df meines Hauses im staatlich anerkannten Erholungs- und Luftkurort Deggenhausertal, bietet Ihnen auf 95 qm viel Platz f\u00fcr bis zu 6 Personen. F\u00fcr bis zu 4 Personen kann ich Ihnen 4 Einzelzimmer anbieten.<\/strong><\/p>\n<p><strong>Haustiere sind nicht erlaubt.\u00a0<\/strong><\/p>\n<p><strong>Die Ferienwohnung hat drei Schlafzimmer, ein sch\u00f6nes, gro\u00dfes Wohnzimmer mit Schlafm\u00f6glichkeit f\u00fcr 2 weitere Personen und eine sehr sch\u00f6ne, moderne und bestens ausgestattete K\u00fcche mit gro\u00dfz\u00fcgigem Essplatz. Dusche\/WC sowie ein separates G\u00e4ste-WC. Die ger\u00e4umige Loggia auf der Westseite bietet Ihnen eine sch\u00f6ne M\u00f6glichkeit, Abende bei Ihrem Lieblingsgetr\u00e4nk und bei Sonnenuntergang gem\u00fctlich ausklingen zu lassen.<\/strong><\/p>\n<p><strong>Besondere Ausstattungsmerkmale: Im Wohnzimmer ist ein HD-Flachbildschirm. Im Doppelzimmer ist ein Sat-TV. Im Einzelzimmer kann noch ein Zusatzbett aufgestellt werden. Die K\u00fcche hat eine gro\u00dfe K\u00fchl-Gefrier-Kombination, Sp\u00fclmaschine, Mikrowelle, Kaffeemaschine, Wasserkocher, Toaster und alles was man von einer sehr gut ausgestatteten K\u00fcche erwartet. Am ovalen Esstisch haben bequem 6-8 Personen Platz. \u00a0WLAN-Anschluss ist vorhanden. Im G\u00e4ste-WC ist eine Waschmaschine. Auf der Loggia stehen Tisch und St\u00fchle und ein W\u00e4schest\u00e4nder zur Verf\u00fcgung. Auch ein Haarf\u00f6n liegt im modernen Bad f\u00fcr Sie bereit.<\/strong><\/p>\n<p><strong>Wenn Sie mal einen gem\u00fctlichen Grillabend haben m\u00f6chten, stelle ich Ihnen gerne einen Grill zur Verf\u00fcgung.<br \/>\n<\/strong><\/p>\n<p><strong>Unter dem Link \u201eAusflugstipps\u201c habe ich Ihnen eine gro\u00dfe Auswahl an M\u00f6glichkeiten zusammengestellt. Da finden Sie f\u00fcr die ganze Familie ausreichend viele Ideen, um Ihren Urlaub individuell zu gestalten. Auch wenn das Wetter mal nicht so mitspielt, wird es einem\u00a0 bei den vielen interessanten Museen und anderen kulturellen Angeboten nicht langweilig. Dann gibt es ja auch noch die Thermen in \u00dcberlingen, Meersburg und Konstanz.<\/strong><\/p>\n<p><strong>Das Deggenhausertal kann Ihnen mit vorz\u00fcglicher Gastronomie aufwarten. Einkaufsm\u00f6glichkeiten sind hier sehr gut. Direkt im Ort und im Nachbarort und dann nat\u00fcrlich in der n\u00e4chstgelegenen Stadt Markdorf. Die St\u00e4dte Friedrichshafen, \u00dcberlingen, Meersburg, Ravensburg oder auch das sch\u00f6ne St\u00e4dtchen Wangen im Allg\u00e4u laden nat\u00fcrlich auch immer zum Sightseeing ein.<\/strong><\/p>\n<p><strong>Von Deggenhausertal aus sind Sie auch schnell bei unseren Nachbarn in \u00d6sterreich und der Schweiz, was unserer Urlaubsregion am Bodensee ein internationales Flair verleiht.<\/strong><\/p>\n<p><strong>Freuen Sie sich auf die sch\u00f6nsten Tage des Jahres, auf Ihren Urlaub, in einer au\u00dfergew\u00f6hnlich sch\u00f6nen Ferienwohnung, ganz in der N\u00e4he\u00a0des reizvollen Bodensees.\u00a0Weitere Informationen zur Umgebung finden Sie noch unter\u00a0<a href=\"http:\/\/www.deggenhausertal.de\/\" target=\"_blank\" rel=\"noopener noreferrer\">www.deggenhausertal.de<\/a><\/strong><\/p>\n<p><strong>Ich freue mich \u00fcber Ihre Anfrage per E-Mail \u00fcber die Kontaktseite oder per Telefon unter der Nr. 07555 1037 oder 0175 635 72 72<\/strong><\/p>\n<p><strong><em>Christa Keller \u00a0 \u00a0 \u00a0<\/em> \u00a0 \u00a0 \u00a0 \u00a0 \u00a0 \u00a0 \u00a0 \u00a0 \u00a0 \u00a0 \u00a0 \u00a0 \u00a0 \u00a0 \u00a0 \u00a0 \u00a0 \u00a0 \u00a0 \u00a0 \u00a0 \u00a0 \u00a0 \u00a0 \u00a0 \u00a0 \u00a0 \u00a0 \u00a0 \u00a0 \u00a0 \u00a0 \u00a0 \u00a0 \u00a0 \u00a0 \u00a0 \u00a0 \u00a0 \u00a0 \u00a0 \u00a0 \u00a0 \u00a0 \u00a0 \u00a0 \u00a0 \u00a0 \u00a0 <\/strong><em><strong>Gartenstr. 3, 88693 Deggenhausertal<\/strong><\/em><\/p>\n","protected":false},"excerpt":{"rendered":"<p>frei ab:\u00a0 bitte anfragen! Ich freue mich \u00fcber Ihre Anfrage und mache Ihnen gerne ein individuelles Angebot. Meine\u00a0sehr sch\u00f6ne und ansprechende gro\u00dfe 4-Zimmer-Nichtraucher-Ferienwohnung \u201eKellersworld\u201c, \u00a0im Dachgescho\u00df meines Hauses im staatlich anerkannten Erholungs- und Luftkurort Deggenhausertal, bietet Ihnen auf 95 qm &hellip; <a href=\"https:\/\/www.kellersworld.de\/\">Weiterlesen <span class=\"meta-nav\">&rarr;<\/span><\/a><\/p>\n","protected":false},"author":1,"featured_media":0,"parent":0,"menu_order":0,"comment_status":"closed","ping_status":"closed","template":"sidebar-page.php","meta":{"ngg_post_thumbnail":0,"footnotes":""},"class_list":["post-31","page","type-page","status-publish","hentry"],"_links":{"self":[{"href":"https:\/\/www.kellersworld.de\/index.php\/wp-json\/wp\/v2\/pages\/31","targetHints":{"allow":["GET"]}}],"collection":[{"href":"https:\/\/www.kellersworld.de\/index.php\/wp-json\/wp\/v2\/pages"}],"about":[{"href":"https:\/\/www.kellersworld.de\/index.php\/wp-json\/wp\/v2\/types\/page"}],"author":[{"embeddable":true,"href":"https:\/\/www.kellersworld.de\/index.php\/wp-json\/wp\/v2\/users\/1"}],"replies":[{"embeddable":true,"href":"https:\/\/www.kellersworld.de\/index.php\/wp-json\/wp\/v2\/comments?post=31"}],"version-history":[{"count":104,"href":"https:\/\/www.kellersworld.de\/index.php\/wp-json\/wp\/v2\/pages\/31\/revisions"}],"predecessor-version":[{"id":762,"href":"https:\/\/www.kellersworld.de\/index.php\/wp-json\/wp\/v2\/pages\/31\/revisions\/762"}],"wp:attachment":[{"href":"https:\/\/www.kellersworld.de\/index.php\/wp-json\/wp\/v2\/media?parent=31"}],"curies":[{"name":"wp","href":"https:\/\/api.w.org\/{rel}","templated":true}]}}